{"id":34144,"date":"2017-08-21T01:19:22","date_gmt":"2017-08-21T05:19:22","guid":{"rendered":"http:\/\/192.81.217.108\/legales\/"},"modified":"2018-01-23T11:35:45","modified_gmt":"2018-01-23T15:35:45","slug":"legales","status":"publish","type":"page","link":"https:\/\/interamerica.org\/es\/legales\/","title":{"rendered":"Legal Notice and Privacy Policy"},"content":{"rendered":"<p class=\"p2\"><strong><span class=\"s1\">Legal Notice<br \/>\n<\/span><\/strong><span class=\"s1\">All information on this Web site is copyrighted by the General Conference Corporation of Seventh-day Adventists<\/span><span class=\"s2\"><sup>\u00ae <\/sup><\/span><span class=\"s1\">Inter-American Division, a nonprofit corporation. All rights are reserved. United States copyright law protects all materials contained on this site. By using this site, you acknowledge that the General Conference Inter-American Division owns all intellectual property rights in and to the site and its contents and that these rights are valid and protected in all forms. You may not modify, remove, delete, augment, add to, exploit, publish, transmit, participate in the transfer or sale of, and\/or create derivative works from the content either in whole or in part. <\/span><\/p>\n<p class=\"p2\"><span class=\"s1\">The Inter-American Division is providing this Web site for your information purposes only. Certain organizations may choose to link this Web site to their own Web site. Such linkage is not meant to imply that the Inter-American Division agrees with, supports, or concurs with the content such Web sites may contain. <\/span><\/p>\n<p class=\"p2\"><span class=\"s1\">THE INTER-AMERICAN DIVISION IS PROVIDING THIS SITE AND ITS CONTENTS \u00abAS IS\u00bb WITHOUT ANY OBLIGATIONS, LIABILITIES, OR WARRANTIES, EXPRESS OR IMPLIED, WHATSOEVER TO ANYONE WHO CHOOSES TO ACCESS THIS WEB SITE. EACH USER EXPRESSLY ACKNOWLEDGES THAT USE OF THIS WEB SITE AND ITS CONTENTS IS AT THE USER&#8217;S SOLE RISK. THE INTER-AMERICAN DIVISION DOES NOT WARRANT THAT THIS WEB SITE OR ANY OF ITS CONTENTS WILL BE CONTINUOUSLY AVAILABLE, ACCESSIBLE, NON-INFRINGING, OR FREE OF ERRORS OR VIRUSES, OR THAT THE INFORMATION CONTAINED IN IT IS ACCURATE OR RELIABLE. THE INTER-AMERICAN DIVISION WILL NOT BE LIABLE FOR ANY DAMAGES OR INJURY (INCLUDING INDIRECT, SPECIAL, AND CONSEQUENTIAL DAMAGES) THAT MAY RESULT FROM THE USE OF OR INABILITY TO USE ANY PART OF THE WEB SITE, OR FROM ANYTHING SUBMITTED OR POSTED BY USERS. THE TERMS OF THIS PARAGRAPH WILL SURVIVE ANY TERMINATION OF THIS NOTICE AND WEB SITE. <\/span><\/p>\n<p class=\"p2\"><span class=\"s1\">This site is created and controlled under the laws of the State of Florida, which shall be the law giving effect to and interpretation of all terms and conditions hereunder.\u00a0 Any action pertaining to this Web site shall be in the State of Florida with Dade County the venue for such action.\u00a0 Any person named a party to any action regarding this Web site agrees to submit to the exclusive jurisdiction of the courts of the State of Florida and of the United States of America located in the State of Florida. <\/span><\/p>\n<p class=\"p2\"><span class=\"s1\">For further information regarding this Web site or anything related to it, you may send email to the\u00a0<a href=\"mailto:iadmedia@interamerica.org\"><span class=\"s3\">Web Manager<\/span><\/a> or write to:<br \/>\n<\/span><span class=\"s1\">General Conference of Seventh-day Adventists<br \/>\n<\/span><span class=\"s1\">Inter-American Division<br \/>\n<\/span><span class=\"s1\">Communication Department<br \/>\n8100 SW 117<\/span><span class=\"s4\"><sup>TH<\/sup><\/span><span class=\"s1\"> Avenue<br \/>\nMiami, Florida<span class=\"Apple-converted-space\">\u00a0 <\/span>33182<br \/>\nUnited States of America<\/span><\/p>\n<p class=\"p1\"><span class=\"s1\"><b>Privacy Policy<br \/>\n<\/b><\/span><span class=\"s1\">This Privacy Policy (\u201c<b>Privacy Policy<\/b>\u201d) was last updated on October 17, 2016<\/span><\/p>\n<p class=\"p3\"><span class=\"s1\"><b>Our Policy<br \/>\n<\/b><\/span><span class=\"s1\">This Privacy Policy sets forth the practices of General Conference of Seventh Day Adventists Inter-American Division information that is collected from Individuals; including Unions, Conferences, Missions and Churches (collectively referred to as \u201cParticipating Organizations\u201d) through various websites owned and operated by us. <\/span><\/p>\n<p class=\"p2\"><span class=\"s1\">This Privacy Policy describes the choices available to you regarding the use of your information, and how you access this information to update and correct it.<\/span><\/p>\n<p class=\"p2\"><span class=\"s1\">It is important to note that privacy practices of Participating Organizations may differ from those of the Inter-American Division. We are a separate entity from those that participate in our services and thus do not have control over their privacy practices. However, we do encourage Participating Organizations to follow our Privacy Policy and practices. <\/span><\/p>\n<p class=\"p3\"><span class=\"s1\"><b>Sharing your Information<br \/>\n<\/b><\/span><span class=\"s1\">General Conference of Seventh Day Adventist Inter-American Division is comprised of many independent unions, which are regionally coordinated by the Inter-American Division which has been established as a regional office of the General Conference serving a defined geographical area. <\/span><\/p>\n<p class=\"p2\"><span class=\"s1\">If you are an denominational employee or member of an denominational organization, we may publish your profile in our directory so that other members can find you and communicate with you. If you believe that someone has created an unauthorized profile of you, please contact us using the email address provided below, please provide us with a brief explanation, where you found the profile, include your name and contact information. <\/span><\/p>\n<p class=\"p3\"><span class=\"s1\"><b>Third Party Links<br \/>\n<\/b><\/span><span class=\"s1\">Our application may contain links to other websites or features that may connect with you other mobile applications within your device. Privacy practices of linked websites and mobile application may differ from ours. If you submit any personal information on these websites or applications, your information is governed by their privacy practices. We strongly request that you review the privacy policies of such websites before submitting any personal information. <\/span><\/p>\n<p class=\"p3\"><span class=\"s1\"><b>Changes to this Privacy Statement<br \/>\n<\/b><\/span><span class=\"s1\">We may update this Privacy Statement to reflect changes to our information practices. If we make any material changes we will notify you prior to the change becoming effective. We encourage you to periodically review this page for the latest information on our privacy practices.<\/span><\/p>\n<p class=\"p2\"><span class=\"s1\">If you have questions or complaints regarding our privacy policy or practices, please contact us at <a href=\"mailto:iadmedia@interamerica.org\"><span class=\"s2\">iadmedia@interamerica.org<\/span><\/a> or at the address listed below.<\/span><\/p>\n<p class=\"p2\"><span class=\"s1\"><b>Contact Us<br \/>\n<\/b><\/span><span class=\"s1\">For further information regarding this Web site or anything related to it, you may send email to the\u00a0<a href=\"mailto:iadmedia@interamerica.org\"><span class=\"s2\">Web Manager<\/span><\/a> or write to:<br \/>\n<\/span><span class=\"s1\">General Conference of Seventh-day Adventists<br \/>\nInter-American Division<br \/>\n<\/span><span class=\"s3\">Web Manager, Communications Department<br \/>\n<\/span><span class=\"s1\">8100 SW 117<\/span><span class=\"s4\"><sup>TH<\/sup><\/span><span class=\"s1\"> Avenue<br \/>\nMiami, Florida<span class=\"Apple-converted-space\">\u00a0 <\/span>33182<br \/>\nUnited States of America<\/span><\/p>\n","protected":false},"excerpt":{"rendered":"<p>Legal Notice All information on this Web site is copyrighted by the General Conference Corporation of Seventh-day Adventists\u00ae Inter-American Division, a nonprofit corporation. All rights are reserved. United States copyright&#8230;<\/p>\n","protected":false},"author":1,"featured_media":0,"parent":0,"menu_order":0,"comment_status":"open","ping_status":"closed","template":"","meta":{"_acf_changed":false,"footnotes":""},"class_list":["post-34144","page","type-page","status-publish","hentry"],"acf":[],"yoast_head":"<!-- This site is optimized with the Yoast SEO plugin v27.5 - https:\/\/yoast.com\/product\/yoast-seo-wordpress\/ -->\n<title>Legal Notice and Privacy Policy - Iglesia Adventista del S\u00e9ptimo D\u00eda - Divisi\u00f3n Interamericana<\/title>\n<meta name=\"robots\" content=\"index, follow, max-snippet:-1, max-image-preview:large, max-video-preview:-1\" \/>\n<link rel=\"canonical\" href=\"https:\/\/interamerica.org\/es\/legales\/\" \/>\n<meta property=\"og:locale\" content=\"es_ES\" \/>\n<meta property=\"og:type\" content=\"article\" \/>\n<meta property=\"og:title\" content=\"Legal Notice and Privacy Policy - Iglesia Adventista del S\u00e9ptimo D\u00eda - Divisi\u00f3n Interamericana\" \/>\n<meta property=\"og:description\" content=\"Legal Notice All information on this Web site is copyrighted by the General Conference Corporation of Seventh-day Adventists\u00ae Inter-American Division, a nonprofit corporation. All rights are reserved. United States copyright...\" \/>\n<meta property=\"og:url\" content=\"https:\/\/interamerica.org\/es\/legales\/\" \/>\n<meta property=\"og:site_name\" content=\"Iglesia Adventista del S\u00e9ptimo D\u00eda - Divisi\u00f3n Interamericana\" \/>\n<meta property=\"article:modified_time\" content=\"2018-01-23T15:35:45+00:00\" \/>\n<meta name=\"twitter:card\" content=\"summary_large_image\" \/>\n<meta name=\"twitter:label1\" content=\"Tiempo de lectura\" \/>\n\t<meta name=\"twitter:data1\" content=\"4 minutos\" \/>\n<script type=\"application\/ld+json\" class=\"yoast-schema-graph\">{\"@context\":\"https:\\\/\\\/schema.org\",\"@graph\":[{\"@type\":\"WebPage\",\"@id\":\"https:\\\/\\\/interamerica.org\\\/es\\\/legales\\\/\",\"url\":\"https:\\\/\\\/interamerica.org\\\/es\\\/legales\\\/\",\"name\":\"Legal Notice and Privacy Policy - Iglesia Adventista del S\u00e9ptimo D\u00eda - Divisi\u00f3n Interamericana\",\"isPartOf\":{\"@id\":\"https:\\\/\\\/interamerica.org\\\/es\\\/#website\"},\"datePublished\":\"2017-08-21T05:19:22+00:00\",\"dateModified\":\"2018-01-23T15:35:45+00:00\",\"breadcrumb\":{\"@id\":\"https:\\\/\\\/interamerica.org\\\/es\\\/legales\\\/#breadcrumb\"},\"inLanguage\":\"es\",\"potentialAction\":[{\"@type\":\"ReadAction\",\"target\":[\"https:\\\/\\\/interamerica.org\\\/es\\\/legales\\\/\"]}]},{\"@type\":\"BreadcrumbList\",\"@id\":\"https:\\\/\\\/interamerica.org\\\/es\\\/legales\\\/#breadcrumb\",\"itemListElement\":[{\"@type\":\"ListItem\",\"position\":1,\"name\":\"Home\",\"item\":\"https:\\\/\\\/interamerica.org\\\/es\\\/\"},{\"@type\":\"ListItem\",\"position\":2,\"name\":\"Legal Notice and Privacy Policy\"}]},{\"@type\":\"WebSite\",\"@id\":\"https:\\\/\\\/interamerica.org\\\/es\\\/#website\",\"url\":\"https:\\\/\\\/interamerica.org\\\/es\\\/\",\"name\":\"Iglesia Adventista del S\u00e9ptimo D\u00eda - Divisi\u00f3n Interamericana\",\"description\":\"\",\"potentialAction\":[{\"@type\":\"SearchAction\",\"target\":{\"@type\":\"EntryPoint\",\"urlTemplate\":\"https:\\\/\\\/interamerica.org\\\/es\\\/?s={search_term_string}\"},\"query-input\":{\"@type\":\"PropertyValueSpecification\",\"valueRequired\":true,\"valueName\":\"search_term_string\"}}],\"inLanguage\":\"es\"}]}<\/script>\n<!-- \/ Yoast SEO plugin. -->","yoast_head_json":{"title":"Legal Notice and Privacy Policy - Iglesia Adventista del S\u00e9ptimo D\u00eda - Divisi\u00f3n Interamericana","robots":{"index":"index","follow":"follow","max-snippet":"max-snippet:-1","max-image-preview":"max-image-preview:large","max-video-preview":"max-video-preview:-1"},"canonical":"https:\/\/interamerica.org\/es\/legales\/","og_locale":"es_ES","og_type":"article","og_title":"Legal Notice and Privacy Policy - Iglesia Adventista del S\u00e9ptimo D\u00eda - Divisi\u00f3n Interamericana","og_description":"Legal Notice All information on this Web site is copyrighted by the General Conference Corporation of Seventh-day Adventists\u00ae Inter-American Division, a nonprofit corporation. All rights are reserved. United States copyright...","og_url":"https:\/\/interamerica.org\/es\/legales\/","og_site_name":"Iglesia Adventista del S\u00e9ptimo D\u00eda - Divisi\u00f3n Interamericana","article_modified_time":"2018-01-23T15:35:45+00:00","twitter_card":"summary_large_image","twitter_misc":{"Tiempo de lectura":"4 minutos"},"schema":{"@context":"https:\/\/schema.org","@graph":[{"@type":"WebPage","@id":"https:\/\/interamerica.org\/es\/legales\/","url":"https:\/\/interamerica.org\/es\/legales\/","name":"Legal Notice and Privacy Policy - Iglesia Adventista del S\u00e9ptimo D\u00eda - Divisi\u00f3n Interamericana","isPartOf":{"@id":"https:\/\/interamerica.org\/es\/#website"},"datePublished":"2017-08-21T05:19:22+00:00","dateModified":"2018-01-23T15:35:45+00:00","breadcrumb":{"@id":"https:\/\/interamerica.org\/es\/legales\/#breadcrumb"},"inLanguage":"es","potentialAction":[{"@type":"ReadAction","target":["https:\/\/interamerica.org\/es\/legales\/"]}]},{"@type":"BreadcrumbList","@id":"https:\/\/interamerica.org\/es\/legales\/#breadcrumb","itemListElement":[{"@type":"ListItem","position":1,"name":"Home","item":"https:\/\/interamerica.org\/es\/"},{"@type":"ListItem","position":2,"name":"Legal Notice and Privacy Policy"}]},{"@type":"WebSite","@id":"https:\/\/interamerica.org\/es\/#website","url":"https:\/\/interamerica.org\/es\/","name":"Iglesia Adventista del S\u00e9ptimo D\u00eda - Divisi\u00f3n Interamericana","description":"","potentialAction":[{"@type":"SearchAction","target":{"@type":"EntryPoint","urlTemplate":"https:\/\/interamerica.org\/es\/?s={search_term_string}"},"query-input":{"@type":"PropertyValueSpecification","valueRequired":true,"valueName":"search_term_string"}}],"inLanguage":"es"}]}},"_links":{"self":[{"href":"https:\/\/interamerica.org\/es\/wp-json\/wp\/v2\/pages\/34144","targetHints":{"allow":["GET"]}}],"collection":[{"href":"https:\/\/interamerica.org\/es\/wp-json\/wp\/v2\/pages"}],"about":[{"href":"https:\/\/interamerica.org\/es\/wp-json\/wp\/v2\/types\/page"}],"author":[{"embeddable":true,"href":"https:\/\/interamerica.org\/es\/wp-json\/wp\/v2\/users\/1"}],"replies":[{"embeddable":true,"href":"https:\/\/interamerica.org\/es\/wp-json\/wp\/v2\/comments?post=34144"}],"version-history":[{"count":0,"href":"https:\/\/interamerica.org\/es\/wp-json\/wp\/v2\/pages\/34144\/revisions"}],"wp:attachment":[{"href":"https:\/\/interamerica.org\/es\/wp-json\/wp\/v2\/media?parent=34144"}],"curies":[{"name":"wp","href":"https:\/\/api.w.org\/{rel}","templated":true}]}}