{"id":39317,"date":"2018-03-26T22:09:35","date_gmt":"2018-03-27T02:09:35","guid":{"rendered":"http:\/\/192.81.217.108\/?page_id=39317"},"modified":"2026-01-14T10:38:57","modified_gmt":"2026-01-14T15:38:57","slug":"agencia-de-desarrollo-y-recursos-asistenciales-adra","status":"publish","type":"page","link":"https:\/\/interamerica.org\/es\/agencia-de-desarrollo-y-recursos-asistenciales-adra\/","title":{"rendered":"Agencia de Desarrollo y Recursos Asistenciales (ADRA)"},"content":{"rendered":"<p>ADRA Divisi\u00f3n Interamericana (DIA) es una oficina directiva que apoya y coordina las actividades de las oficinas ADRA en los diferentes pa\u00edses del territorio de la Divisi\u00f3n Interamericana. ADRA fue establecida por la Iglesia Adventista del S\u00e9ptimo D\u00eda como agencia para servir a la comunidad y a trav\u00e9s de ella, sin discriminaci\u00f3n, para ayudar en caso de desastre o apoyando el desarrollo a largo plazo de iniciativas en el nivel de comunidad. Tales proyectos deben ser participativos, sin discriminaci\u00f3n de g\u00e9nero y ecol\u00f3gicamente responsables.<\/p>\n<p>ADRA DIA se apoya en un grupo de profesionales y voluntarios capacitados, en cada pa\u00eds, que interact\u00faan con funcionarios del gobierno y las comunidades a quienes prestan servicios. Cada oficina de ADRA en el pa\u00eds correspondiente, existe y opera dentro de los l\u00edmites nacionales en donde se encuentra debidamente registrada.<\/p>\n<p>ADRA DIA mantiene presencia operativa en los siguientes pa\u00edses de la Divisi\u00f3n Interamericana:<br \/>\nM\u00e9xico,\u00a0Belice,\u00a0Guatemala,\u00a0El Salvador,\u00a0Honduras,\u00a0Nicaragua,\u00a0Costa Rica,\u00a0Colombia,\u00a0Venezuela,\u00a0Trinidad,\u00a0Guyana,\u00a0Surinam,\u00a0Puerto Rico,\u00a0Rep\u00fablica Dominicana,\u00a0Hait\u00ed,\u00a0Cuba,\u00a0Jamaica y\u00a0Bahamas.<\/p>\n<p><strong>Director: David Poloche<\/strong><\/p>\n<p>&nbsp;<\/p>\n<p><iframe title=\"ADRA 2023 English\/Spanish\" width=\"500\" height=\"281\" src=\"https:\/\/www.youtube.com\/embed\/YGtWo2tUKRU?feature=oembed\" frameborder=\"0\" allow=\"accelerometer; autoplay; clipboard-write; encrypted-media; gyroscope; picture-in-picture; web-share\" referrerpolicy=\"strict-origin-when-cross-origin\" allowfullscreen><\/iframe><\/p>\n","protected":false},"excerpt":{"rendered":"<p>ADRA Divisi\u00f3n Interamericana (DIA) es una oficina directiva que apoya y coordina las actividades de las oficinas ADRA en los diferentes pa\u00edses del territorio de la Divisi\u00f3n Interamericana. ADRA fue&#8230;<\/p>\n","protected":false},"author":1,"featured_media":0,"parent":0,"menu_order":0,"comment_status":"closed","ping_status":"closed","template":"services.php","meta":{"_acf_changed":false,"footnotes":""},"class_list":["post-39317","page","type-page","status-publish","hentry"],"acf":[],"yoast_head":"<!-- This site is optimized with the Yoast SEO plugin v27.3 - https:\/\/yoast.com\/product\/yoast-seo-wordpress\/ -->\n<title>Agencia de Desarrollo y Recursos Asistenciales (ADRA) - Iglesia Adventista del S\u00e9ptimo D\u00eda - Divisi\u00f3n Interamericana<\/title>\n<meta name=\"robots\" content=\"index, follow, max-snippet:-1, max-image-preview:large, max-video-preview:-1\" \/>\n<link rel=\"canonical\" href=\"https:\/\/interamerica.org\/es\/agencia-de-desarrollo-y-recursos-asistenciales-adra\/\" \/>\n<meta property=\"og:locale\" content=\"es_ES\" \/>\n<meta property=\"og:type\" content=\"article\" \/>\n<meta property=\"og:title\" content=\"Agencia de Desarrollo y Recursos Asistenciales (ADRA) - Iglesia Adventista del S\u00e9ptimo D\u00eda - Divisi\u00f3n Interamericana\" \/>\n<meta property=\"og:description\" content=\"ADRA Divisi\u00f3n Interamericana (DIA) es una oficina directiva que apoya y coordina las actividades de las oficinas ADRA en los diferentes pa\u00edses del territorio de la Divisi\u00f3n Interamericana. ADRA fue...\" \/>\n<meta property=\"og:url\" content=\"https:\/\/interamerica.org\/es\/agencia-de-desarrollo-y-recursos-asistenciales-adra\/\" \/>\n<meta property=\"og:site_name\" content=\"Iglesia Adventista del S\u00e9ptimo D\u00eda - Divisi\u00f3n Interamericana\" \/>\n<meta property=\"article:modified_time\" content=\"2026-01-14T15:38:57+00:00\" \/>\n<meta name=\"twitter:card\" content=\"summary_large_image\" \/>\n<meta name=\"twitter:label1\" content=\"Tiempo de lectura\" \/>\n\t<meta name=\"twitter:data1\" content=\"1 minuto\" \/>\n<script type=\"application\/ld+json\" class=\"yoast-schema-graph\">{\"@context\":\"https:\\\/\\\/schema.org\",\"@graph\":[{\"@type\":\"WebPage\",\"@id\":\"https:\\\/\\\/interamerica.org\\\/es\\\/agencia-de-desarrollo-y-recursos-asistenciales-adra\\\/\",\"url\":\"https:\\\/\\\/interamerica.org\\\/es\\\/agencia-de-desarrollo-y-recursos-asistenciales-adra\\\/\",\"name\":\"Agencia de Desarrollo y Recursos Asistenciales (ADRA) - Iglesia Adventista del S\u00e9ptimo D\u00eda - Divisi\u00f3n Interamericana\",\"isPartOf\":{\"@id\":\"https:\\\/\\\/interamerica.org\\\/es\\\/#website\"},\"datePublished\":\"2018-03-27T02:09:35+00:00\",\"dateModified\":\"2026-01-14T15:38:57+00:00\",\"breadcrumb\":{\"@id\":\"https:\\\/\\\/interamerica.org\\\/es\\\/agencia-de-desarrollo-y-recursos-asistenciales-adra\\\/#breadcrumb\"},\"inLanguage\":\"es\",\"potentialAction\":[{\"@type\":\"ReadAction\",\"target\":[\"https:\\\/\\\/interamerica.org\\\/es\\\/agencia-de-desarrollo-y-recursos-asistenciales-adra\\\/\"]}]},{\"@type\":\"BreadcrumbList\",\"@id\":\"https:\\\/\\\/interamerica.org\\\/es\\\/agencia-de-desarrollo-y-recursos-asistenciales-adra\\\/#breadcrumb\",\"itemListElement\":[{\"@type\":\"ListItem\",\"position\":1,\"name\":\"Home\",\"item\":\"https:\\\/\\\/interamerica.org\\\/es\\\/\"},{\"@type\":\"ListItem\",\"position\":2,\"name\":\"Agencia de Desarrollo y Recursos Asistenciales (ADRA)\"}]},{\"@type\":\"WebSite\",\"@id\":\"https:\\\/\\\/interamerica.org\\\/es\\\/#website\",\"url\":\"https:\\\/\\\/interamerica.org\\\/es\\\/\",\"name\":\"Iglesia Adventista del S\u00e9ptimo D\u00eda - Divisi\u00f3n Interamericana\",\"description\":\"\",\"potentialAction\":[{\"@type\":\"SearchAction\",\"target\":{\"@type\":\"EntryPoint\",\"urlTemplate\":\"https:\\\/\\\/interamerica.org\\\/es\\\/?s={search_term_string}\"},\"query-input\":{\"@type\":\"PropertyValueSpecification\",\"valueRequired\":true,\"valueName\":\"search_term_string\"}}],\"inLanguage\":\"es\"}]}<\/script>\n<!-- \/ Yoast SEO plugin. -->","yoast_head_json":{"title":"Agencia de Desarrollo y Recursos Asistenciales (ADRA) - Iglesia Adventista del S\u00e9ptimo D\u00eda - Divisi\u00f3n Interamericana","robots":{"index":"index","follow":"follow","max-snippet":"max-snippet:-1","max-image-preview":"max-image-preview:large","max-video-preview":"max-video-preview:-1"},"canonical":"https:\/\/interamerica.org\/es\/agencia-de-desarrollo-y-recursos-asistenciales-adra\/","og_locale":"es_ES","og_type":"article","og_title":"Agencia de Desarrollo y Recursos Asistenciales (ADRA) - Iglesia Adventista del S\u00e9ptimo D\u00eda - Divisi\u00f3n Interamericana","og_description":"ADRA Divisi\u00f3n Interamericana (DIA) es una oficina directiva que apoya y coordina las actividades de las oficinas ADRA en los diferentes pa\u00edses del territorio de la Divisi\u00f3n Interamericana. ADRA fue...","og_url":"https:\/\/interamerica.org\/es\/agencia-de-desarrollo-y-recursos-asistenciales-adra\/","og_site_name":"Iglesia Adventista del S\u00e9ptimo D\u00eda - Divisi\u00f3n Interamericana","article_modified_time":"2026-01-14T15:38:57+00:00","twitter_card":"summary_large_image","twitter_misc":{"Tiempo de lectura":"1 minuto"},"schema":{"@context":"https:\/\/schema.org","@graph":[{"@type":"WebPage","@id":"https:\/\/interamerica.org\/es\/agencia-de-desarrollo-y-recursos-asistenciales-adra\/","url":"https:\/\/interamerica.org\/es\/agencia-de-desarrollo-y-recursos-asistenciales-adra\/","name":"Agencia de Desarrollo y Recursos Asistenciales (ADRA) - Iglesia Adventista del S\u00e9ptimo D\u00eda - Divisi\u00f3n Interamericana","isPartOf":{"@id":"https:\/\/interamerica.org\/es\/#website"},"datePublished":"2018-03-27T02:09:35+00:00","dateModified":"2026-01-14T15:38:57+00:00","breadcrumb":{"@id":"https:\/\/interamerica.org\/es\/agencia-de-desarrollo-y-recursos-asistenciales-adra\/#breadcrumb"},"inLanguage":"es","potentialAction":[{"@type":"ReadAction","target":["https:\/\/interamerica.org\/es\/agencia-de-desarrollo-y-recursos-asistenciales-adra\/"]}]},{"@type":"BreadcrumbList","@id":"https:\/\/interamerica.org\/es\/agencia-de-desarrollo-y-recursos-asistenciales-adra\/#breadcrumb","itemListElement":[{"@type":"ListItem","position":1,"name":"Home","item":"https:\/\/interamerica.org\/es\/"},{"@type":"ListItem","position":2,"name":"Agencia de Desarrollo y Recursos Asistenciales (ADRA)"}]},{"@type":"WebSite","@id":"https:\/\/interamerica.org\/es\/#website","url":"https:\/\/interamerica.org\/es\/","name":"Iglesia Adventista del S\u00e9ptimo D\u00eda - Divisi\u00f3n Interamericana","description":"","potentialAction":[{"@type":"SearchAction","target":{"@type":"EntryPoint","urlTemplate":"https:\/\/interamerica.org\/es\/?s={search_term_string}"},"query-input":{"@type":"PropertyValueSpecification","valueRequired":true,"valueName":"search_term_string"}}],"inLanguage":"es"}]}},"_links":{"self":[{"href":"https:\/\/interamerica.org\/es\/wp-json\/wp\/v2\/pages\/39317","targetHints":{"allow":["GET"]}}],"collection":[{"href":"https:\/\/interamerica.org\/es\/wp-json\/wp\/v2\/pages"}],"about":[{"href":"https:\/\/interamerica.org\/es\/wp-json\/wp\/v2\/types\/page"}],"author":[{"embeddable":true,"href":"https:\/\/interamerica.org\/es\/wp-json\/wp\/v2\/users\/1"}],"replies":[{"embeddable":true,"href":"https:\/\/interamerica.org\/es\/wp-json\/wp\/v2\/comments?post=39317"}],"version-history":[{"count":2,"href":"https:\/\/interamerica.org\/es\/wp-json\/wp\/v2\/pages\/39317\/revisions"}],"predecessor-version":[{"id":137557,"href":"https:\/\/interamerica.org\/es\/wp-json\/wp\/v2\/pages\/39317\/revisions\/137557"}],"wp:attachment":[{"href":"https:\/\/interamerica.org\/es\/wp-json\/wp\/v2\/media?parent=39317"}],"curies":[{"name":"wp","href":"https:\/\/api.w.org\/{rel}","templated":true}]}}