{"id":39792,"date":"2018-03-26T20:10:18","date_gmt":"2018-03-27T00:10:18","guid":{"rendered":"http:\/\/192.81.217.108\/human-resources\/"},"modified":"2025-12-10T15:02:43","modified_gmt":"2025-12-10T20:02:43","slug":"human-resources","status":"publish","type":"page","link":"https:\/\/interamerica.org\/es\/human-resources\/","title":{"rendered":"Recursos Humanos"},"content":{"rendered":"<p>La administraci\u00f3n de recursos humanos dentro de la organizaci\u00f3n, facilita el avance de la comisi\u00f3n evang\u00e9lica, proporcionando servicios profesionales en las \u00e1reas de planificaci\u00f3n estrat\u00e9gica, provisi\u00f3n de personal, compensaciones y beneficios, relaciones laborales, administraci\u00f3n de datos personales, capacitaci\u00f3n y desarrollo, as\u00ed como otros servicios laborales, haciendo posible que el personal cumpla adecuadamente con los deberes de su posici\u00f3n.<\/p>\n<p>El Departamento ayuda en la creaci\u00f3n de reglamentos eficaces, estableciendo y manteniendo la cultura de la organizaci\u00f3n y estableciendo liderazgo en las funciones de recursos humanos dentro de la Divisi\u00f3n Interamericana.<\/p>\n<p><strong>Sitio Web de Recursos Humanos y Liderazgo:<\/strong>\u00a0<a href=\"http:\/\/hr.interamerica.org\/\" target=\"_blank\" rel=\"noopener\">hr.interamerica.org<\/a><\/p>\n<p>&nbsp;<\/p>\n","protected":false},"excerpt":{"rendered":"<p>La administraci\u00f3n de recursos humanos dentro de la organizaci\u00f3n, facilita el avance de la comisi\u00f3n evang\u00e9lica, proporcionando servicios profesionales en las \u00e1reas de planificaci\u00f3n estrat\u00e9gica, provisi\u00f3n de personal, compensaciones y&#8230;<\/p>\n","protected":false},"author":1,"featured_media":0,"parent":0,"menu_order":0,"comment_status":"closed","ping_status":"closed","template":"services.php","meta":{"_acf_changed":false,"footnotes":""},"class_list":["post-39792","page","type-page","status-publish","hentry"],"acf":[],"yoast_head":"<!-- This site is optimized with the Yoast SEO plugin v27.5 - https:\/\/yoast.com\/product\/yoast-seo-wordpress\/ -->\n<title>Recursos Humanos - Iglesia Adventista del S\u00e9ptimo D\u00eda - Divisi\u00f3n Interamericana<\/title>\n<meta name=\"robots\" content=\"index, follow, max-snippet:-1, max-image-preview:large, max-video-preview:-1\" \/>\n<link rel=\"canonical\" href=\"https:\/\/interamerica.org\/es\/human-resources\/\" \/>\n<meta property=\"og:locale\" content=\"es_ES\" \/>\n<meta property=\"og:type\" content=\"article\" \/>\n<meta property=\"og:title\" content=\"Recursos Humanos - Iglesia Adventista del S\u00e9ptimo D\u00eda - Divisi\u00f3n Interamericana\" \/>\n<meta property=\"og:description\" content=\"La administraci\u00f3n de recursos humanos dentro de la organizaci\u00f3n, facilita el avance de la comisi\u00f3n evang\u00e9lica, proporcionando servicios profesionales en las \u00e1reas de planificaci\u00f3n estrat\u00e9gica, provisi\u00f3n de personal, compensaciones y...\" \/>\n<meta property=\"og:url\" content=\"https:\/\/interamerica.org\/es\/human-resources\/\" \/>\n<meta property=\"og:site_name\" content=\"Iglesia Adventista del S\u00e9ptimo D\u00eda - Divisi\u00f3n Interamericana\" \/>\n<meta property=\"article:modified_time\" content=\"2025-12-10T20:02:43+00:00\" \/>\n<meta name=\"twitter:card\" content=\"summary_large_image\" \/>\n<meta name=\"twitter:label1\" content=\"Tiempo de lectura\" \/>\n\t<meta name=\"twitter:data1\" content=\"1 minuto\" \/>\n<script type=\"application\/ld+json\" class=\"yoast-schema-graph\">{\"@context\":\"https:\\\/\\\/schema.org\",\"@graph\":[{\"@type\":\"WebPage\",\"@id\":\"https:\\\/\\\/interamerica.org\\\/es\\\/human-resources\\\/\",\"url\":\"https:\\\/\\\/interamerica.org\\\/es\\\/human-resources\\\/\",\"name\":\"Recursos Humanos - Iglesia Adventista del S\u00e9ptimo D\u00eda - Divisi\u00f3n Interamericana\",\"isPartOf\":{\"@id\":\"https:\\\/\\\/interamerica.org\\\/es\\\/#website\"},\"datePublished\":\"2018-03-27T00:10:18+00:00\",\"dateModified\":\"2025-12-10T20:02:43+00:00\",\"breadcrumb\":{\"@id\":\"https:\\\/\\\/interamerica.org\\\/es\\\/human-resources\\\/#breadcrumb\"},\"inLanguage\":\"es\",\"potentialAction\":[{\"@type\":\"ReadAction\",\"target\":[\"https:\\\/\\\/interamerica.org\\\/es\\\/human-resources\\\/\"]}]},{\"@type\":\"BreadcrumbList\",\"@id\":\"https:\\\/\\\/interamerica.org\\\/es\\\/human-resources\\\/#breadcrumb\",\"itemListElement\":[{\"@type\":\"ListItem\",\"position\":1,\"name\":\"Home\",\"item\":\"https:\\\/\\\/interamerica.org\\\/es\\\/\"},{\"@type\":\"ListItem\",\"position\":2,\"name\":\"Recursos Humanos\"}]},{\"@type\":\"WebSite\",\"@id\":\"https:\\\/\\\/interamerica.org\\\/es\\\/#website\",\"url\":\"https:\\\/\\\/interamerica.org\\\/es\\\/\",\"name\":\"Iglesia Adventista del S\u00e9ptimo D\u00eda - Divisi\u00f3n Interamericana\",\"description\":\"\",\"potentialAction\":[{\"@type\":\"SearchAction\",\"target\":{\"@type\":\"EntryPoint\",\"urlTemplate\":\"https:\\\/\\\/interamerica.org\\\/es\\\/?s={search_term_string}\"},\"query-input\":{\"@type\":\"PropertyValueSpecification\",\"valueRequired\":true,\"valueName\":\"search_term_string\"}}],\"inLanguage\":\"es\"}]}<\/script>\n<!-- \/ Yoast SEO plugin. -->","yoast_head_json":{"title":"Recursos Humanos - Iglesia Adventista del S\u00e9ptimo D\u00eda - Divisi\u00f3n Interamericana","robots":{"index":"index","follow":"follow","max-snippet":"max-snippet:-1","max-image-preview":"max-image-preview:large","max-video-preview":"max-video-preview:-1"},"canonical":"https:\/\/interamerica.org\/es\/human-resources\/","og_locale":"es_ES","og_type":"article","og_title":"Recursos Humanos - Iglesia Adventista del S\u00e9ptimo D\u00eda - Divisi\u00f3n Interamericana","og_description":"La administraci\u00f3n de recursos humanos dentro de la organizaci\u00f3n, facilita el avance de la comisi\u00f3n evang\u00e9lica, proporcionando servicios profesionales en las \u00e1reas de planificaci\u00f3n estrat\u00e9gica, provisi\u00f3n de personal, compensaciones y...","og_url":"https:\/\/interamerica.org\/es\/human-resources\/","og_site_name":"Iglesia Adventista del S\u00e9ptimo D\u00eda - Divisi\u00f3n Interamericana","article_modified_time":"2025-12-10T20:02:43+00:00","twitter_card":"summary_large_image","twitter_misc":{"Tiempo de lectura":"1 minuto"},"schema":{"@context":"https:\/\/schema.org","@graph":[{"@type":"WebPage","@id":"https:\/\/interamerica.org\/es\/human-resources\/","url":"https:\/\/interamerica.org\/es\/human-resources\/","name":"Recursos Humanos - Iglesia Adventista del S\u00e9ptimo D\u00eda - Divisi\u00f3n Interamericana","isPartOf":{"@id":"https:\/\/interamerica.org\/es\/#website"},"datePublished":"2018-03-27T00:10:18+00:00","dateModified":"2025-12-10T20:02:43+00:00","breadcrumb":{"@id":"https:\/\/interamerica.org\/es\/human-resources\/#breadcrumb"},"inLanguage":"es","potentialAction":[{"@type":"ReadAction","target":["https:\/\/interamerica.org\/es\/human-resources\/"]}]},{"@type":"BreadcrumbList","@id":"https:\/\/interamerica.org\/es\/human-resources\/#breadcrumb","itemListElement":[{"@type":"ListItem","position":1,"name":"Home","item":"https:\/\/interamerica.org\/es\/"},{"@type":"ListItem","position":2,"name":"Recursos Humanos"}]},{"@type":"WebSite","@id":"https:\/\/interamerica.org\/es\/#website","url":"https:\/\/interamerica.org\/es\/","name":"Iglesia Adventista del S\u00e9ptimo D\u00eda - Divisi\u00f3n Interamericana","description":"","potentialAction":[{"@type":"SearchAction","target":{"@type":"EntryPoint","urlTemplate":"https:\/\/interamerica.org\/es\/?s={search_term_string}"},"query-input":{"@type":"PropertyValueSpecification","valueRequired":true,"valueName":"search_term_string"}}],"inLanguage":"es"}]}},"_links":{"self":[{"href":"https:\/\/interamerica.org\/es\/wp-json\/wp\/v2\/pages\/39792","targetHints":{"allow":["GET"]}}],"collection":[{"href":"https:\/\/interamerica.org\/es\/wp-json\/wp\/v2\/pages"}],"about":[{"href":"https:\/\/interamerica.org\/es\/wp-json\/wp\/v2\/types\/page"}],"author":[{"embeddable":true,"href":"https:\/\/interamerica.org\/es\/wp-json\/wp\/v2\/users\/1"}],"replies":[{"embeddable":true,"href":"https:\/\/interamerica.org\/es\/wp-json\/wp\/v2\/comments?post=39792"}],"version-history":[{"count":2,"href":"https:\/\/interamerica.org\/es\/wp-json\/wp\/v2\/pages\/39792\/revisions"}],"predecessor-version":[{"id":136803,"href":"https:\/\/interamerica.org\/es\/wp-json\/wp\/v2\/pages\/39792\/revisions\/136803"}],"wp:attachment":[{"href":"https:\/\/interamerica.org\/es\/wp-json\/wp\/v2\/media?parent=39792"}],"curies":[{"name":"wp","href":"https:\/\/api.w.org\/{rel}","templated":true}]}}