{"id":48447,"date":"2019-04-22T10:20:17","date_gmt":"2019-04-22T14:20:17","guid":{"rendered":"https:\/\/recursing-golick.147-182-135-0.plesk.page\/leadership\/"},"modified":"2022-02-10T18:42:23","modified_gmt":"2022-02-10T22:42:23","slug":"leadership","status":"publish","type":"page","link":"https:\/\/interamerica.org\/es\/leadership\/","title":{"rendered":"Liderazgo"},"content":{"rendered":"<p>El objetivo general del programa de liderazgo es proporcionar una comprensi\u00f3n de los reglamentos, estrategias, cultura y mejores pr\u00e1cticas de la organizaci\u00f3n, as\u00ed como preparar l\u00edderes para que sean siervos, que sean ejemplo de los principios y pr\u00e1cticas de un liderazgo cristiano. El ap\u00f3stol Pablo aconseja: \u201cSed imitadores de m\u00ed, as\u00ed como yo de Cristo\u201d. 1 Corintios 11:1. Se trata de preparar a los l\u00edderes actuales y emergentes para que adopten y fomenten la tradici\u00f3n adventista del s\u00e9ptimo d\u00eda.<\/p>\n<p>&nbsp;<\/p>\n<p>Se incluye en este paradigma de liderazgo: instrucci\u00f3n, evaluaci\u00f3n y una amplia gama de estrategias de asesor\u00eda. Es una iniciativa conjunta que tiene que ver con la acci\u00f3n de aprender \u00a0(asignaci\u00f3n de proyectos, grupos de trabajo) junto con ofertas de tecnolog\u00eda (entrevista individual, colaboraci\u00f3n, videos, procedimientos de aprendizaje a distancia en l\u00ednea y en otras formas).<\/p>\n<p><strong>\u00a0<\/strong><\/p>\n<p><strong>Objetivos Espec\u00edficos:<\/strong><\/p>\n<ol>\n<li>Mejorar las pr\u00e1cticas de liderazgo entre las uniones y los campos locales; los administradores de instituciones, l\u00edderes departamentales y pastores de iglesia.<\/li>\n<\/ol>\n<p>&nbsp;<\/p>\n<ol start=\"2\">\n<li>Elevar la credibilidad y confianza en los dirigentes de la iglesia y sus organizaciones, en todos los niveles dentro de la Divisi\u00f3n.<\/li>\n<\/ol>\n<p>&nbsp;<\/p>\n<ol start=\"3\">\n<li>Fomentar la eficacia en aquellas iniciativas de la organizaci\u00f3n que son implementadas para el avance de nuestra misi\u00f3n.<\/li>\n<\/ol>\n<p>&nbsp;<\/p>\n<p>El programa se divide en dos segmentos principales:<\/p>\n<ol>\n<li>Desarrollo de Liderazgo en la Organizaci\u00f3n<\/li>\n<li>Desarrollo de Liderazgo Individual<\/li>\n<\/ol>\n<p>&nbsp;<\/p>\n<ol>\n<li><strong>Desarrollo de Liderazgo en la Organizaci\u00f3n se centra en:<\/strong><\/li>\n<\/ol>\n<p><strong>\u00a0<\/strong><\/p>\n<ol>\n<li>Resultados y estrategias en la organizaci\u00f3n, a trav\u00e9s del liderazgo conjunto y de \u00a0\u00a0\u00a0\u00a0\u00a0\u00a0\u00a0\u00a0\u00a0\u00a0\u00a0\u00a0\u00a0\u00a0\u00a0\u00a0\u00a0\u00a0\u00a0\u00a0\u00a0\u00a0\u00a0\u00a0\u00a0\u00a0\u00a0\u00a0\u00a0\u00a0 vinculaci\u00f3n.<\/li>\n<li>Comprensi\u00f3n de los reglamentos de la organizaci\u00f3n.<\/li>\n<li>Desarrollo de reglamentos, declaraciones y directrices de la organizaci\u00f3n.<\/li>\n<li>Implementaci\u00f3n de reglamentos nuevos y ya existentes en la organizaci\u00f3n.<\/li>\n<li>C\u00f3mo fortalecer la eficacia en la organizaci\u00f3n a trav\u00e9s de la estructura existente.<\/li>\n<li>Ayudar a cada organizaci\u00f3n para que tenga \u00e9xito en atender a todas las \u00e1reas \u00a0\u00a0\u00a0\u00a0\u00a0\u00a0\u00a0\u00a0\u00a0\u00a0\u00a0\u00a0\u00a0\u00a0\u00a0\u00a0\u00a0\u00a0\u00a0\u00a0\u00a0\u00a0\u00a0\u00a0\u00a0\u00a0\u00a0\u00a0\u00a0\u00a0\u00a0\u00a0\u00a0\u00a0\u00a0 prioritarias de la misma.<\/li>\n<li>Desarrollar equipos efectivos de liderazgo para la organizaci\u00f3n.<\/li>\n<li>Liderazgo y toma de decisiones en la organizaci\u00f3n sobre temas culturas.<\/li>\n<\/ol>\n<p>&nbsp;<\/p>\n<p>&nbsp;<\/p>\n<ol>\n<li><strong>Desarrollo de Liderazgo Individual su enfoque es en<\/strong>:<\/li>\n<\/ol>\n<p><strong>\u00a0\u00a0\u00a0\u00a0\u00a0\u00a0\u00a0\u00a0\u00a0\u00a0\u00a0 <\/strong>El desarrollo de un proyecto de l\u00edderes exitosos en todos los niveles de la organizaci\u00f3n, el \u00a0\u00a0 cual incluye:<\/p>\n<p>&nbsp;<\/p>\n<ol>\n<li><strong>Liderazgo<\/strong><strong> propio\u2014<\/strong><\/li>\n<\/ol>\n<p>&#8211; Prepararse para la administraci\u00f3n o rol de liderazgo<\/p>\n<p>&#8211; Construir un lenguaje com\u00fan para el liderazgo en la organizaci\u00f3n<\/p>\n<p>&#8211; Aumentar la eficacia y el rendimiento personal<\/p>\n<p>-Responsabilidades personales de los l\u00edderes (espirituales, f\u00edsicas, sociales, \u00a0\u00a0\u00a0\u00a0\u00a0\u00a0\u00a0\u00a0\u00a0\u00a0\u00a0\u00a0\u00a0\u00a0\u00a0\u00a0\u00a0\u00a0\u00a0\u00a0\u00a0\u00a0\u00a0\u00a0\u00a0 mentales y familiares)<\/p>\n<p>&nbsp;<\/p>\n<ol start=\"2\">\n<li><strong>L\u00edderes que dirigen<\/strong><strong> \u2014<\/strong><\/li>\n<\/ol>\n<p>&#8211; Integrar perspectivas de decisi\u00f3n con enfoque multifuncional<\/p>\n<p>&#8211; Manejar la complejidad<\/p>\n<p>&#8211; Tratar los problemas pol\u00edticos<\/p>\n<p>&#8211; Difundir las iniciativas e ideas a los dem\u00e1s l\u00edderes<\/p>\n<p>&#8211; Seleccionar y dirigir a los l\u00edderes de alto rendimiento<\/p>\n<p>&nbsp;<\/p>\n<ol start=\"3\">\n<li><strong>Dirigiendo a otros<\/strong> \u2014<\/li>\n<\/ol>\n<p>&#8211; Transici\u00f3n de ser un actor individual a estar a cargo de un equipo<\/p>\n<p>&#8211; Relacionarse bien para realizar su trabajo<\/p>\n<p>&#8211; Hacer frente eficazmente a los conflictos<\/p>\n<p>&#8211; Resolver los problemas con \u00e9xito<\/p>\n<p>&nbsp;<\/p>\n<ol start=\"4\">\n<li><strong>La funci\u00f3n de dirigir<\/strong>\u2014<\/li>\n<\/ol>\n<p>&#8211; Plantear el objetivo y construir hacia el futuro<\/p>\n<p>&#8211; Balance de ventajas y desventajas entre el corto y el largo plazo<\/p>\n<p>&#8211; Adaptarse a la implementaci\u00f3n de las estrategias de la organizaci\u00f3n<\/p>\n<p>&#8211; Capacitar a los miembros de las juntas y las comisiones para que desempe\u00f1en \u00a0\u00a0\u00a0\u00a0\u00a0\u00a0\u00a0\u00a0\u00a0\u00a0\u00a0\u00a0\u00a0\u00a0\u00a0\u00a0\u00a0\u00a0\u00a0\u00a0\u00a0\u00a0\u00a0\u00a0\u00a0\u00a0\u00a0\u00a0\u00a0\u00a0 sus funciones eficazmente.<\/p>\n<p>&nbsp;<\/p>\n<h3><a href=\"https:\/\/recursing-golick.147-182-135-0.plesk.page\/es\/resource\/english-leadership-outline-2016-2020\/\">PROGRAMA DE DESARROLLO PARA L\u00cdDERES 2016-2020<\/a><\/h3>\n<h3><a href=\"https:\/\/recursing-golick.147-182-135-0.plesk.page\/es\/resource\/leadership-developement-2016-2020\/\">DESARROLLO DE LIDERAZGO 2016-2020<\/a><\/h3>\n<h3><a href=\"https:\/\/recursing-golick.147-182-135-0.plesk.page\/es\/event\/seld-2019\/\">CONOCE M\u00c1S SOBRE SELD 2019<\/a><\/h3>\n<h3><a href=\"https:\/\/seld.interamerica.org\/\">INSCR\u00cdBETE A SELD 2019<\/a><\/h3>\n<p><iframe title=\"Leadership Talk Espa\u00f1ol\" width=\"500\" height=\"281\" src=\"https:\/\/www.youtube.com\/embed\/ux9sOKu_Bec?feature=oembed\" frameborder=\"0\" allow=\"accelerometer; autoplay; clipboard-write; encrypted-media; gyroscope; picture-in-picture; web-share\" referrerpolicy=\"strict-origin-when-cross-origin\" allowfullscreen><\/iframe><\/p>\n<p><iframe title=\"Leadership Talk - 24 de febrero - ES\" width=\"500\" height=\"281\" src=\"https:\/\/www.youtube.com\/embed\/X8Z99Q0OWBo?feature=oembed\" frameborder=\"0\" allow=\"accelerometer; autoplay; clipboard-write; encrypted-media; gyroscope; picture-in-picture; web-share\" referrerpolicy=\"strict-origin-when-cross-origin\" allowfullscreen><\/iframe><\/p>\n","protected":false},"excerpt":{"rendered":"<p>El objetivo general del programa de liderazgo es proporcionar una comprensi\u00f3n de los reglamentos, estrategias, cultura y mejores pr\u00e1cticas de la organizaci\u00f3n, as\u00ed como preparar l\u00edderes para que sean siervos,&#8230;<\/p>\n","protected":false},"author":4,"featured_media":0,"parent":0,"menu_order":0,"comment_status":"closed","ping_status":"closed","template":"services.php","meta":{"_acf_changed":false,"footnotes":""},"class_list":["post-48447","page","type-page","status-publish","hentry"],"acf":[],"yoast_head":"<!-- This site is optimized with the Yoast SEO plugin v27.3 - https:\/\/yoast.com\/product\/yoast-seo-wordpress\/ -->\n<title>Liderazgo - Iglesia Adventista del S\u00e9ptimo D\u00eda - Divisi\u00f3n Interamericana<\/title>\n<meta name=\"robots\" content=\"index, follow, max-snippet:-1, max-image-preview:large, max-video-preview:-1\" \/>\n<link rel=\"canonical\" href=\"https:\/\/interamerica.org\/es\/leadership\/\" \/>\n<meta property=\"og:locale\" content=\"es_ES\" \/>\n<meta property=\"og:type\" content=\"article\" \/>\n<meta property=\"og:title\" content=\"Liderazgo - Iglesia Adventista del S\u00e9ptimo D\u00eda - Divisi\u00f3n Interamericana\" \/>\n<meta property=\"og:description\" content=\"El objetivo general del programa de liderazgo es proporcionar una comprensi\u00f3n de los reglamentos, estrategias, cultura y mejores pr\u00e1cticas de la organizaci\u00f3n, as\u00ed como preparar l\u00edderes para que sean siervos,...\" \/>\n<meta property=\"og:url\" content=\"https:\/\/interamerica.org\/es\/leadership\/\" \/>\n<meta property=\"og:site_name\" content=\"Iglesia Adventista del S\u00e9ptimo D\u00eda - Divisi\u00f3n Interamericana\" \/>\n<meta property=\"article:modified_time\" content=\"2022-02-10T22:42:23+00:00\" \/>\n<meta name=\"twitter:card\" content=\"summary_large_image\" \/>\n<meta name=\"twitter:label1\" content=\"Tiempo de lectura\" \/>\n\t<meta name=\"twitter:data1\" content=\"3 minutos\" \/>\n<script type=\"application\/ld+json\" class=\"yoast-schema-graph\">{\"@context\":\"https:\\\/\\\/schema.org\",\"@graph\":[{\"@type\":\"WebPage\",\"@id\":\"https:\\\/\\\/interamerica.org\\\/es\\\/leadership\\\/\",\"url\":\"https:\\\/\\\/interamerica.org\\\/es\\\/leadership\\\/\",\"name\":\"Liderazgo - Iglesia Adventista del S\u00e9ptimo D\u00eda - Divisi\u00f3n Interamericana\",\"isPartOf\":{\"@id\":\"https:\\\/\\\/interamerica.org\\\/es\\\/#website\"},\"datePublished\":\"2019-04-22T14:20:17+00:00\",\"dateModified\":\"2022-02-10T22:42:23+00:00\",\"breadcrumb\":{\"@id\":\"https:\\\/\\\/interamerica.org\\\/es\\\/leadership\\\/#breadcrumb\"},\"inLanguage\":\"es\",\"potentialAction\":[{\"@type\":\"ReadAction\",\"target\":[\"https:\\\/\\\/interamerica.org\\\/es\\\/leadership\\\/\"]}]},{\"@type\":\"BreadcrumbList\",\"@id\":\"https:\\\/\\\/interamerica.org\\\/es\\\/leadership\\\/#breadcrumb\",\"itemListElement\":[{\"@type\":\"ListItem\",\"position\":1,\"name\":\"Home\",\"item\":\"https:\\\/\\\/interamerica.org\\\/es\\\/\"},{\"@type\":\"ListItem\",\"position\":2,\"name\":\"Liderazgo\"}]},{\"@type\":\"WebSite\",\"@id\":\"https:\\\/\\\/interamerica.org\\\/es\\\/#website\",\"url\":\"https:\\\/\\\/interamerica.org\\\/es\\\/\",\"name\":\"Iglesia Adventista del S\u00e9ptimo D\u00eda - Divisi\u00f3n Interamericana\",\"description\":\"\",\"potentialAction\":[{\"@type\":\"SearchAction\",\"target\":{\"@type\":\"EntryPoint\",\"urlTemplate\":\"https:\\\/\\\/interamerica.org\\\/es\\\/?s={search_term_string}\"},\"query-input\":{\"@type\":\"PropertyValueSpecification\",\"valueRequired\":true,\"valueName\":\"search_term_string\"}}],\"inLanguage\":\"es\"}]}<\/script>\n<!-- \/ Yoast SEO plugin. -->","yoast_head_json":{"title":"Liderazgo - Iglesia Adventista del S\u00e9ptimo D\u00eda - Divisi\u00f3n Interamericana","robots":{"index":"index","follow":"follow","max-snippet":"max-snippet:-1","max-image-preview":"max-image-preview:large","max-video-preview":"max-video-preview:-1"},"canonical":"https:\/\/interamerica.org\/es\/leadership\/","og_locale":"es_ES","og_type":"article","og_title":"Liderazgo - Iglesia Adventista del S\u00e9ptimo D\u00eda - Divisi\u00f3n Interamericana","og_description":"El objetivo general del programa de liderazgo es proporcionar una comprensi\u00f3n de los reglamentos, estrategias, cultura y mejores pr\u00e1cticas de la organizaci\u00f3n, as\u00ed como preparar l\u00edderes para que sean siervos,...","og_url":"https:\/\/interamerica.org\/es\/leadership\/","og_site_name":"Iglesia Adventista del S\u00e9ptimo D\u00eda - Divisi\u00f3n Interamericana","article_modified_time":"2022-02-10T22:42:23+00:00","twitter_card":"summary_large_image","twitter_misc":{"Tiempo de lectura":"3 minutos"},"schema":{"@context":"https:\/\/schema.org","@graph":[{"@type":"WebPage","@id":"https:\/\/interamerica.org\/es\/leadership\/","url":"https:\/\/interamerica.org\/es\/leadership\/","name":"Liderazgo - Iglesia Adventista del S\u00e9ptimo D\u00eda - Divisi\u00f3n Interamericana","isPartOf":{"@id":"https:\/\/interamerica.org\/es\/#website"},"datePublished":"2019-04-22T14:20:17+00:00","dateModified":"2022-02-10T22:42:23+00:00","breadcrumb":{"@id":"https:\/\/interamerica.org\/es\/leadership\/#breadcrumb"},"inLanguage":"es","potentialAction":[{"@type":"ReadAction","target":["https:\/\/interamerica.org\/es\/leadership\/"]}]},{"@type":"BreadcrumbList","@id":"https:\/\/interamerica.org\/es\/leadership\/#breadcrumb","itemListElement":[{"@type":"ListItem","position":1,"name":"Home","item":"https:\/\/interamerica.org\/es\/"},{"@type":"ListItem","position":2,"name":"Liderazgo"}]},{"@type":"WebSite","@id":"https:\/\/interamerica.org\/es\/#website","url":"https:\/\/interamerica.org\/es\/","name":"Iglesia Adventista del S\u00e9ptimo D\u00eda - Divisi\u00f3n Interamericana","description":"","potentialAction":[{"@type":"SearchAction","target":{"@type":"EntryPoint","urlTemplate":"https:\/\/interamerica.org\/es\/?s={search_term_string}"},"query-input":{"@type":"PropertyValueSpecification","valueRequired":true,"valueName":"search_term_string"}}],"inLanguage":"es"}]}},"_links":{"self":[{"href":"https:\/\/interamerica.org\/es\/wp-json\/wp\/v2\/pages\/48447","targetHints":{"allow":["GET"]}}],"collection":[{"href":"https:\/\/interamerica.org\/es\/wp-json\/wp\/v2\/pages"}],"about":[{"href":"https:\/\/interamerica.org\/es\/wp-json\/wp\/v2\/types\/page"}],"author":[{"embeddable":true,"href":"https:\/\/interamerica.org\/es\/wp-json\/wp\/v2\/users\/4"}],"replies":[{"embeddable":true,"href":"https:\/\/interamerica.org\/es\/wp-json\/wp\/v2\/comments?post=48447"}],"version-history":[{"count":0,"href":"https:\/\/interamerica.org\/es\/wp-json\/wp\/v2\/pages\/48447\/revisions"}],"wp:attachment":[{"href":"https:\/\/interamerica.org\/es\/wp-json\/wp\/v2\/media?parent=48447"}],"curies":[{"name":"wp","href":"https:\/\/api.w.org\/{rel}","templated":true}]}}