{"id":39362,"date":"2018-03-26T22:09:35","date_gmt":"2018-03-27T02:09:35","guid":{"rendered":"http:\/\/192.81.217.108\/?page_id=39362"},"modified":"2026-01-14T10:11:48","modified_gmt":"2026-01-14T15:11:48","slug":"agence-adventiste-daide-et-de-developpement-adra","status":"publish","type":"page","link":"https:\/\/interamerica.org\/fr\/agence-adventiste-daide-et-de-developpement-adra\/","title":{"rendered":"Agence Adventiste d&rsquo;Aide et de D\u00e9veloppement (ADRA)"},"content":{"rendered":"<p>ADRA\/DIA est un bureau de direction dont le r\u00f4le est de soutenir et de coordonner les activit\u00e9s des bureaux d\u2019ADRA des pays faisant partie du territoire de la Division Interam\u00e9ricaine. ADRA fut \u00e9tablie par l\u2019\u00c9glise adventiste du septi\u00e8me jour sous forme d\u2019agence, dans le but d\u2019atteindre les communaut\u00e9s et de travailler avec elles sans faire de distinctions, afin d\u2019assurer une assistance en cas de d\u00e9sastre ou de mettre en \u0153uvre des initiatives de d\u00e9veloppement \u00e0 long terme b\u00e9n\u00e9ficiant les communaut\u00e9s. Toutes ces initiatives doivent rev\u00eatir un caract\u00e8re participatif, \u00eatre durables, inclure les hommes comme les femmes et tenir compte de la protection de l\u2019environnement.<\/p>\n<p>ADRA\/DIA se repose, dans chaque pays, sur le travail d\u2019une \u00e9quipe de professionnels d\u2019ADRA et de b\u00e9n\u00e9voles form\u00e9s qui travaillent avec les autorit\u00e9s officielles nationales et les communaut\u00e9s qu\u2019ils servent. Chaque bureau d\u2019ADRA d\u2019un pays existe et fonctionne dans les d\u00e9limitations nationales o\u00f9 il est d\u00fbment enregistr\u00e9.<\/p>\n<p>ADRA\/DIA maintient une pr\u00e9sence op\u00e9rationnelle dans les pays suivants de la Division Interam\u00e9ricaine :<\/p>\n<p>Mexique, Belize,\u00a0Guatemala, El Salvador,\u00a0Honduras, Nicaragua,\u00a0Costa Rica, Colombie,\u00a0Venezuela, Trinit\u00e9,\u00a0Guyana, Surinam,\u00a0Porto Rico, R\u00e9publique Dominicaine,\u00a0Ha\u00efti, Cuba,\u00a0Jama\u00efque, Bahamas.<\/p>\n","protected":false},"excerpt":{"rendered":"<p>ADRA\/DIA est un bureau de direction dont le r\u00f4le est de soutenir et de coordonner les activit\u00e9s des bureaux d\u2019ADRA des pays faisant partie du territoire de la Division Interam\u00e9ricaine&#8230;.<\/p>\n","protected":false},"author":5,"featured_media":0,"parent":0,"menu_order":0,"comment_status":"closed","ping_status":"closed","template":"services.php","meta":{"_acf_changed":false,"footnotes":""},"class_list":["post-39362","page","type-page","status-publish","hentry"],"acf":[],"yoast_head":"<!-- This site is optimized with the Yoast SEO plugin v27.3 - https:\/\/yoast.com\/product\/yoast-seo-wordpress\/ -->\n<title>Agence Adventiste d&#039;Aide et de D\u00e9veloppement (ADRA) - \u00c9glise Adventiste Du Septieme Jour - Inter Am\u00e9rique Division<\/title>\n<meta name=\"robots\" content=\"index, follow, max-snippet:-1, max-image-preview:large, max-video-preview:-1\" \/>\n<link rel=\"canonical\" href=\"https:\/\/interamerica.org\/fr\/agence-adventiste-daide-et-de-developpement-adra\/\" \/>\n<meta property=\"og:locale\" content=\"fr_FR\" \/>\n<meta property=\"og:type\" content=\"article\" \/>\n<meta property=\"og:title\" content=\"Agence Adventiste d&#039;Aide et de D\u00e9veloppement (ADRA) - \u00c9glise Adventiste Du Septieme Jour - Inter Am\u00e9rique Division\" \/>\n<meta property=\"og:description\" content=\"ADRA\/DIA est un bureau de direction dont le r\u00f4le est de soutenir et de coordonner les activit\u00e9s des bureaux d\u2019ADRA des pays faisant partie du territoire de la Division Interam\u00e9ricaine....\" \/>\n<meta property=\"og:url\" content=\"https:\/\/interamerica.org\/fr\/agence-adventiste-daide-et-de-developpement-adra\/\" \/>\n<meta property=\"og:site_name\" content=\"\u00c9glise Adventiste Du Septieme Jour - Inter Am\u00e9rique Division\" \/>\n<meta property=\"article:modified_time\" content=\"2026-01-14T15:11:48+00:00\" \/>\n<meta name=\"twitter:card\" content=\"summary_large_image\" \/>\n<meta name=\"twitter:label1\" content=\"Dur\u00e9e de lecture estim\u00e9e\" \/>\n\t<meta name=\"twitter:data1\" content=\"1 minute\" \/>\n<script type=\"application\/ld+json\" class=\"yoast-schema-graph\">{\"@context\":\"https:\\\/\\\/schema.org\",\"@graph\":[{\"@type\":\"WebPage\",\"@id\":\"https:\\\/\\\/interamerica.org\\\/fr\\\/agence-adventiste-daide-et-de-developpement-adra\\\/\",\"url\":\"https:\\\/\\\/interamerica.org\\\/fr\\\/agence-adventiste-daide-et-de-developpement-adra\\\/\",\"name\":\"Agence Adventiste d'Aide et de D\u00e9veloppement (ADRA) - \u00c9glise Adventiste Du Septieme Jour - Inter Am\u00e9rique Division\",\"isPartOf\":{\"@id\":\"https:\\\/\\\/interamerica.org\\\/fr\\\/#website\"},\"datePublished\":\"2018-03-27T02:09:35+00:00\",\"dateModified\":\"2026-01-14T15:11:48+00:00\",\"breadcrumb\":{\"@id\":\"https:\\\/\\\/interamerica.org\\\/fr\\\/agence-adventiste-daide-et-de-developpement-adra\\\/#breadcrumb\"},\"inLanguage\":\"fr-FR\",\"potentialAction\":[{\"@type\":\"ReadAction\",\"target\":[\"https:\\\/\\\/interamerica.org\\\/fr\\\/agence-adventiste-daide-et-de-developpement-adra\\\/\"]}]},{\"@type\":\"BreadcrumbList\",\"@id\":\"https:\\\/\\\/interamerica.org\\\/fr\\\/agence-adventiste-daide-et-de-developpement-adra\\\/#breadcrumb\",\"itemListElement\":[{\"@type\":\"ListItem\",\"position\":1,\"name\":\"Home\",\"item\":\"https:\\\/\\\/interamerica.org\\\/fr\\\/\"},{\"@type\":\"ListItem\",\"position\":2,\"name\":\"Agence Adventiste d&#8217;Aide et de D\u00e9veloppement (ADRA)\"}]},{\"@type\":\"WebSite\",\"@id\":\"https:\\\/\\\/interamerica.org\\\/fr\\\/#website\",\"url\":\"https:\\\/\\\/interamerica.org\\\/fr\\\/\",\"name\":\"\u00c9glise Adventiste Du Septieme Jour - Inter Am\u00e9rique Division\",\"description\":\"\",\"potentialAction\":[{\"@type\":\"SearchAction\",\"target\":{\"@type\":\"EntryPoint\",\"urlTemplate\":\"https:\\\/\\\/interamerica.org\\\/fr\\\/?s={search_term_string}\"},\"query-input\":{\"@type\":\"PropertyValueSpecification\",\"valueRequired\":true,\"valueName\":\"search_term_string\"}}],\"inLanguage\":\"fr-FR\"}]}<\/script>\n<!-- \/ Yoast SEO plugin. -->","yoast_head_json":{"title":"Agence Adventiste d'Aide et de D\u00e9veloppement (ADRA) - \u00c9glise Adventiste Du Septieme Jour - Inter Am\u00e9rique Division","robots":{"index":"index","follow":"follow","max-snippet":"max-snippet:-1","max-image-preview":"max-image-preview:large","max-video-preview":"max-video-preview:-1"},"canonical":"https:\/\/interamerica.org\/fr\/agence-adventiste-daide-et-de-developpement-adra\/","og_locale":"fr_FR","og_type":"article","og_title":"Agence Adventiste d'Aide et de D\u00e9veloppement (ADRA) - \u00c9glise Adventiste Du Septieme Jour - Inter Am\u00e9rique Division","og_description":"ADRA\/DIA est un bureau de direction dont le r\u00f4le est de soutenir et de coordonner les activit\u00e9s des bureaux d\u2019ADRA des pays faisant partie du territoire de la Division Interam\u00e9ricaine....","og_url":"https:\/\/interamerica.org\/fr\/agence-adventiste-daide-et-de-developpement-adra\/","og_site_name":"\u00c9glise Adventiste Du Septieme Jour - Inter Am\u00e9rique Division","article_modified_time":"2026-01-14T15:11:48+00:00","twitter_card":"summary_large_image","twitter_misc":{"Dur\u00e9e de lecture estim\u00e9e":"1 minute"},"schema":{"@context":"https:\/\/schema.org","@graph":[{"@type":"WebPage","@id":"https:\/\/interamerica.org\/fr\/agence-adventiste-daide-et-de-developpement-adra\/","url":"https:\/\/interamerica.org\/fr\/agence-adventiste-daide-et-de-developpement-adra\/","name":"Agence Adventiste d'Aide et de D\u00e9veloppement (ADRA) - \u00c9glise Adventiste Du Septieme Jour - Inter Am\u00e9rique Division","isPartOf":{"@id":"https:\/\/interamerica.org\/fr\/#website"},"datePublished":"2018-03-27T02:09:35+00:00","dateModified":"2026-01-14T15:11:48+00:00","breadcrumb":{"@id":"https:\/\/interamerica.org\/fr\/agence-adventiste-daide-et-de-developpement-adra\/#breadcrumb"},"inLanguage":"fr-FR","potentialAction":[{"@type":"ReadAction","target":["https:\/\/interamerica.org\/fr\/agence-adventiste-daide-et-de-developpement-adra\/"]}]},{"@type":"BreadcrumbList","@id":"https:\/\/interamerica.org\/fr\/agence-adventiste-daide-et-de-developpement-adra\/#breadcrumb","itemListElement":[{"@type":"ListItem","position":1,"name":"Home","item":"https:\/\/interamerica.org\/fr\/"},{"@type":"ListItem","position":2,"name":"Agence Adventiste d&#8217;Aide et de D\u00e9veloppement (ADRA)"}]},{"@type":"WebSite","@id":"https:\/\/interamerica.org\/fr\/#website","url":"https:\/\/interamerica.org\/fr\/","name":"\u00c9glise Adventiste Du Septieme Jour - Inter Am\u00e9rique Division","description":"","potentialAction":[{"@type":"SearchAction","target":{"@type":"EntryPoint","urlTemplate":"https:\/\/interamerica.org\/fr\/?s={search_term_string}"},"query-input":{"@type":"PropertyValueSpecification","valueRequired":true,"valueName":"search_term_string"}}],"inLanguage":"fr-FR"}]}},"_links":{"self":[{"href":"https:\/\/interamerica.org\/fr\/wp-json\/wp\/v2\/pages\/39362","targetHints":{"allow":["GET"]}}],"collection":[{"href":"https:\/\/interamerica.org\/fr\/wp-json\/wp\/v2\/pages"}],"about":[{"href":"https:\/\/interamerica.org\/fr\/wp-json\/wp\/v2\/types\/page"}],"author":[{"embeddable":true,"href":"https:\/\/interamerica.org\/fr\/wp-json\/wp\/v2\/users\/5"}],"replies":[{"embeddable":true,"href":"https:\/\/interamerica.org\/fr\/wp-json\/wp\/v2\/comments?post=39362"}],"version-history":[{"count":2,"href":"https:\/\/interamerica.org\/fr\/wp-json\/wp\/v2\/pages\/39362\/revisions"}],"predecessor-version":[{"id":137545,"href":"https:\/\/interamerica.org\/fr\/wp-json\/wp\/v2\/pages\/39362\/revisions\/137545"}],"wp:attachment":[{"href":"https:\/\/interamerica.org\/fr\/wp-json\/wp\/v2\/media?parent=39362"}],"curies":[{"name":"wp","href":"https:\/\/api.w.org\/{rel}","templated":true}]}}