{"id":39791,"date":"2018-03-26T20:10:18","date_gmt":"2018-03-27T00:10:18","guid":{"rendered":"http:\/\/192.81.217.108\/human-resources\/"},"modified":"2025-12-10T15:02:11","modified_gmt":"2025-12-10T20:02:11","slug":"human-resources","status":"publish","type":"page","link":"https:\/\/interamerica.org\/fr\/human-resources\/","title":{"rendered":"Ressources Humaines"},"content":{"rendered":"<p>La gestion des ressources humaines de l\u2019organisation, facilite l\u2019avancement du mandat \u00e9vang\u00e9lique en assurant des services professionnels dans les domaines suivants : planification strat\u00e9gique, recrutement du personnel, indemnisations et avantages sociaux, relations entre les employ\u00e9s, gestion des donn\u00e9es du personnel, formation et d\u00e9veloppement, autres services aux employ\u00e9s, leur permettant ainsi d\u2019assumer convenablement les t\u00e2ches qui leur ont \u00e9t\u00e9 assign\u00e9es ou pour lesquelles ils ont \u00e9t\u00e9 \u00e9lus.<\/p>\n<p>La gestion des Ressources humaines de la Division Interam\u00e9ricaine assiste dans l\u2019\u00e9laboration de r\u00e8glements effectifs, l\u2019\u00e9tablissement et le maintien d\u2019une culture organisationnelle et assure un leadership aux fonctions des Ressources humaines.<\/p>\n<p><strong>RESSOURCES DISPONIBLES<\/strong><\/p>\n<p><a href=\"http:\/\/hr.interamerica.org\/\">hr.interamerica.org<\/a><\/p>\n<p>&nbsp;<\/p>\n<p>&nbsp;<\/p>\n<p>&nbsp;<\/p>\n","protected":false},"excerpt":{"rendered":"<p>La gestion des ressources humaines de l\u2019organisation, facilite l\u2019avancement du mandat \u00e9vang\u00e9lique en assurant des services professionnels dans les domaines suivants : planification strat\u00e9gique, recrutement du personnel, indemnisations et avantages&#8230;<\/p>\n","protected":false},"author":1,"featured_media":0,"parent":0,"menu_order":0,"comment_status":"closed","ping_status":"closed","template":"services.php","meta":{"_acf_changed":false,"footnotes":""},"class_list":["post-39791","page","type-page","status-publish","hentry"],"acf":[],"yoast_head":"<!-- This site is optimized with the Yoast SEO plugin v27.5 - https:\/\/yoast.com\/product\/yoast-seo-wordpress\/ -->\n<title>Ressources Humaines - \u00c9glise Adventiste Du Septieme Jour - Inter Am\u00e9rique Division<\/title>\n<meta name=\"robots\" content=\"index, follow, max-snippet:-1, max-image-preview:large, max-video-preview:-1\" \/>\n<link rel=\"canonical\" href=\"https:\/\/interamerica.org\/fr\/human-resources\/\" \/>\n<meta property=\"og:locale\" content=\"fr_FR\" \/>\n<meta property=\"og:type\" content=\"article\" \/>\n<meta property=\"og:title\" content=\"Ressources Humaines - \u00c9glise Adventiste Du Septieme Jour - Inter Am\u00e9rique Division\" \/>\n<meta property=\"og:description\" content=\"La gestion des ressources humaines de l\u2019organisation, facilite l\u2019avancement du mandat \u00e9vang\u00e9lique en assurant des services professionnels dans les domaines suivants : planification strat\u00e9gique, recrutement du personnel, indemnisations et avantages...\" \/>\n<meta property=\"og:url\" content=\"https:\/\/interamerica.org\/fr\/human-resources\/\" \/>\n<meta property=\"og:site_name\" content=\"\u00c9glise Adventiste Du Septieme Jour - Inter Am\u00e9rique Division\" \/>\n<meta property=\"article:modified_time\" content=\"2025-12-10T20:02:11+00:00\" \/>\n<meta name=\"twitter:card\" content=\"summary_large_image\" \/>\n<meta name=\"twitter:label1\" content=\"Dur\u00e9e de lecture estim\u00e9e\" \/>\n\t<meta name=\"twitter:data1\" content=\"1 minute\" \/>\n<script type=\"application\/ld+json\" class=\"yoast-schema-graph\">{\"@context\":\"https:\\\/\\\/schema.org\",\"@graph\":[{\"@type\":\"WebPage\",\"@id\":\"https:\\\/\\\/interamerica.org\\\/fr\\\/human-resources\\\/\",\"url\":\"https:\\\/\\\/interamerica.org\\\/fr\\\/human-resources\\\/\",\"name\":\"Ressources Humaines - \u00c9glise Adventiste Du Septieme Jour - Inter Am\u00e9rique Division\",\"isPartOf\":{\"@id\":\"https:\\\/\\\/interamerica.org\\\/fr\\\/#website\"},\"datePublished\":\"2018-03-27T00:10:18+00:00\",\"dateModified\":\"2025-12-10T20:02:11+00:00\",\"breadcrumb\":{\"@id\":\"https:\\\/\\\/interamerica.org\\\/fr\\\/human-resources\\\/#breadcrumb\"},\"inLanguage\":\"fr-FR\",\"potentialAction\":[{\"@type\":\"ReadAction\",\"target\":[\"https:\\\/\\\/interamerica.org\\\/fr\\\/human-resources\\\/\"]}]},{\"@type\":\"BreadcrumbList\",\"@id\":\"https:\\\/\\\/interamerica.org\\\/fr\\\/human-resources\\\/#breadcrumb\",\"itemListElement\":[{\"@type\":\"ListItem\",\"position\":1,\"name\":\"Home\",\"item\":\"https:\\\/\\\/interamerica.org\\\/fr\\\/\"},{\"@type\":\"ListItem\",\"position\":2,\"name\":\"Ressources Humaines\"}]},{\"@type\":\"WebSite\",\"@id\":\"https:\\\/\\\/interamerica.org\\\/fr\\\/#website\",\"url\":\"https:\\\/\\\/interamerica.org\\\/fr\\\/\",\"name\":\"\u00c9glise Adventiste Du Septieme Jour - Inter Am\u00e9rique Division\",\"description\":\"\",\"potentialAction\":[{\"@type\":\"SearchAction\",\"target\":{\"@type\":\"EntryPoint\",\"urlTemplate\":\"https:\\\/\\\/interamerica.org\\\/fr\\\/?s={search_term_string}\"},\"query-input\":{\"@type\":\"PropertyValueSpecification\",\"valueRequired\":true,\"valueName\":\"search_term_string\"}}],\"inLanguage\":\"fr-FR\"}]}<\/script>\n<!-- \/ Yoast SEO plugin. -->","yoast_head_json":{"title":"Ressources Humaines - \u00c9glise Adventiste Du Septieme Jour - Inter Am\u00e9rique Division","robots":{"index":"index","follow":"follow","max-snippet":"max-snippet:-1","max-image-preview":"max-image-preview:large","max-video-preview":"max-video-preview:-1"},"canonical":"https:\/\/interamerica.org\/fr\/human-resources\/","og_locale":"fr_FR","og_type":"article","og_title":"Ressources Humaines - \u00c9glise Adventiste Du Septieme Jour - Inter Am\u00e9rique Division","og_description":"La gestion des ressources humaines de l\u2019organisation, facilite l\u2019avancement du mandat \u00e9vang\u00e9lique en assurant des services professionnels dans les domaines suivants : planification strat\u00e9gique, recrutement du personnel, indemnisations et avantages...","og_url":"https:\/\/interamerica.org\/fr\/human-resources\/","og_site_name":"\u00c9glise Adventiste Du Septieme Jour - Inter Am\u00e9rique Division","article_modified_time":"2025-12-10T20:02:11+00:00","twitter_card":"summary_large_image","twitter_misc":{"Dur\u00e9e de lecture estim\u00e9e":"1 minute"},"schema":{"@context":"https:\/\/schema.org","@graph":[{"@type":"WebPage","@id":"https:\/\/interamerica.org\/fr\/human-resources\/","url":"https:\/\/interamerica.org\/fr\/human-resources\/","name":"Ressources Humaines - \u00c9glise Adventiste Du Septieme Jour - Inter Am\u00e9rique Division","isPartOf":{"@id":"https:\/\/interamerica.org\/fr\/#website"},"datePublished":"2018-03-27T00:10:18+00:00","dateModified":"2025-12-10T20:02:11+00:00","breadcrumb":{"@id":"https:\/\/interamerica.org\/fr\/human-resources\/#breadcrumb"},"inLanguage":"fr-FR","potentialAction":[{"@type":"ReadAction","target":["https:\/\/interamerica.org\/fr\/human-resources\/"]}]},{"@type":"BreadcrumbList","@id":"https:\/\/interamerica.org\/fr\/human-resources\/#breadcrumb","itemListElement":[{"@type":"ListItem","position":1,"name":"Home","item":"https:\/\/interamerica.org\/fr\/"},{"@type":"ListItem","position":2,"name":"Ressources Humaines"}]},{"@type":"WebSite","@id":"https:\/\/interamerica.org\/fr\/#website","url":"https:\/\/interamerica.org\/fr\/","name":"\u00c9glise Adventiste Du Septieme Jour - Inter Am\u00e9rique Division","description":"","potentialAction":[{"@type":"SearchAction","target":{"@type":"EntryPoint","urlTemplate":"https:\/\/interamerica.org\/fr\/?s={search_term_string}"},"query-input":{"@type":"PropertyValueSpecification","valueRequired":true,"valueName":"search_term_string"}}],"inLanguage":"fr-FR"}]}},"_links":{"self":[{"href":"https:\/\/interamerica.org\/fr\/wp-json\/wp\/v2\/pages\/39791","targetHints":{"allow":["GET"]}}],"collection":[{"href":"https:\/\/interamerica.org\/fr\/wp-json\/wp\/v2\/pages"}],"about":[{"href":"https:\/\/interamerica.org\/fr\/wp-json\/wp\/v2\/types\/page"}],"author":[{"embeddable":true,"href":"https:\/\/interamerica.org\/fr\/wp-json\/wp\/v2\/users\/1"}],"replies":[{"embeddable":true,"href":"https:\/\/interamerica.org\/fr\/wp-json\/wp\/v2\/comments?post=39791"}],"version-history":[{"count":2,"href":"https:\/\/interamerica.org\/fr\/wp-json\/wp\/v2\/pages\/39791\/revisions"}],"predecessor-version":[{"id":136801,"href":"https:\/\/interamerica.org\/fr\/wp-json\/wp\/v2\/pages\/39791\/revisions\/136801"}],"wp:attachment":[{"href":"https:\/\/interamerica.org\/fr\/wp-json\/wp\/v2\/media?parent=39791"}],"curies":[{"name":"wp","href":"https:\/\/api.w.org\/{rel}","templated":true}]}}